{"id":48,"date":"2022-12-20T14:38:49","date_gmt":"2022-12-20T19:38:49","guid":{"rendered":"https:\/\/pyrneumatica.com\/p\/?page_id=48"},"modified":"2023-10-23T14:16:27","modified_gmt":"2023-10-23T19:16:27","slug":"servicios","status":"publish","type":"page","link":"https:\/\/pyrneumatica.com\/p\/servicios\/","title":{"rendered":"Servicios"},"content":{"rendered":"<p>[et_pb_section fb_built=&#8221;1&#8243; _builder_version=&#8221;4.21.0&#8243; _module_preset=&#8221;default&#8221; global_colors_info=&#8221;{}&#8221;][et_pb_row _builder_version=&#8221;4.21.0&#8243; _module_preset=&#8221;default&#8221; global_colors_info=&#8221;{}&#8221;][et_pb_column type=&#8221;4_4&#8243; _builder_version=&#8221;4.21.0&#8243; _module_preset=&#8221;default&#8221; global_colors_info=&#8221;{}&#8221;][et_pb_text _builder_version=&#8221;4.21.0&#8243; _module_preset=&#8221;default&#8221; text_font=&#8221;|600|||||||&#8221; text_text_color=&#8221;#000000&#8243; text_font_size=&#8221;22px&#8221; text_orientation=&#8221;center&#8221; global_colors_info=&#8221;{}&#8221;]<\/p>\n<p>Servicios<\/p>\n<p>[\/et_pb_text][\/et_pb_column][\/et_pb_row][et_pb_row _builder_version=&#8221;4.23&#8243; _module_preset=&#8221;default&#8221; global_colors_info=&#8221;{}&#8221;][et_pb_column type=&#8221;4_4&#8243; _builder_version=&#8221;4.23&#8243; _module_preset=&#8221;default&#8221; global_colors_info=&#8221;{}&#8221;][et_pb_text _builder_version=&#8221;4.23&#8243; _module_preset=&#8221;default&#8221; global_colors_info=&#8221;{}&#8221;]<\/p>\n<p data-sourcepos=\"3:1-3:233\"><strong>En\u00a0 P&amp;R Neum\u00e1tica, somos especialistas en la venta de productos de neum\u00e1tica industrial. Contamos con una amplia gama de productos de las mejores marcas del mercado, para satisfacer las necesidades de cualquier industria.<\/strong><\/p>\n<p data-sourcepos=\"5:1-5:32\"><strong>Nuestros productos incluyen:<\/strong><\/p>\n<ul data-sourcepos=\"7:1-11:0\">\n<li data-sourcepos=\"7:1-7:89\"><strong>Cilindros neum\u00e1ticos:<\/strong><span>\u00a0<\/span>Cilindros lineales, rotativos, de simple y doble efecto, etc.<\/li>\n<li data-sourcepos=\"8:1-8:98\"><strong>V\u00e1lvulas neum\u00e1ticas:<\/strong><span>\u00a0<\/span>V\u00e1lvulas de control, v\u00e1lvulas de seguridad, v\u00e1lvulas de retenci\u00f3n, etc.<\/li>\n<li data-sourcepos=\"9:1-9:62\"><strong>Accesorios neum\u00e1ticos:<\/strong><span>\u00a0<\/span>Racores, filtros, etc.<\/li>\n<\/ul>\n<p data-sourcepos=\"12:1-12:152\"><strong>Ofrecemos productos de alta calidad, a precios competitivos. Contamos con un equipo de expertos que le ayudar\u00e1 a encontrar el producto que necesita.<\/strong><\/p>\n<p data-sourcepos=\"16:1-16:48\"><strong>Beneficios de comprar con nosotros:<\/strong><\/p>\n<ul data-sourcepos=\"18:1-22:0\">\n<li data-sourcepos=\"18:1-18:129\"><strong>Amplia gama de productos:<\/strong><span>\u00a0<\/span>Contamos con una amplia gama de productos para satisfacer las necesidades de cualquier industria.<\/li>\n<li data-sourcepos=\"19:1-19:109\"><strong>Calidad garantizada:<\/strong><span>\u00a0<\/span>Todos nuestros productos son de alta calidad y est\u00e1n respaldados por una garant\u00eda.<\/li>\n<li data-sourcepos=\"20:1-20:89\"><strong>Precios competitivos:<\/strong><span>\u00a0<\/span>Ofrecemos precios competitivos para todos nuestros productos.<\/li>\n<li data-sourcepos=\"21:1-22:0\"><strong>Servicio al cliente:<\/strong><span>\u00a0<\/span>Contamos con un equipo de expertos que le ayudar\u00e1 a encontrar el producto que necesita.<\/li>\n<\/ul>\n<p>[\/et_pb_text][et_pb_gallery _builder_version=&#8221;4.23&#8243; _module_preset=&#8221;default&#8221; gallery_ids=&#8221;192,191,190,193,194,195&#8243; show_title_and_caption=&#8221;off&#8221; hover_enabled=&#8221;0&#8243; sticky_enabled=&#8221;0&#8243;][\/et_pb_gallery][\/et_pb_column][\/et_pb_row][et_pb_row _builder_version=&#8221;4.23&#8243; _module_preset=&#8221;default&#8221; global_colors_info=&#8221;{}&#8221;][et_pb_column type=&#8221;4_4&#8243; _builder_version=&#8221;4.23&#8243; _module_preset=&#8221;default&#8221; global_colors_info=&#8221;{}&#8221;][et_pb_text _builder_version=&#8221;4.23&#8243; _module_preset=&#8221;default&#8221; text_font=&#8221;|600|||||||&#8221; text_text_color=&#8221;#000000&#8243; text_font_size=&#8221;22px&#8221; text_orientation=&#8221;center&#8221; global_colors_info=&#8221;{}&#8221;]<\/p>\n<p>Programa tus mantenimientos<\/p>\n<p>[\/et_pb_text][et_pb_text _builder_version=&#8221;4.23&#8243; _module_preset=&#8221;default&#8221; global_colors_info=&#8221;{}&#8221;]<\/p>\n<p data-sourcepos=\"3:1-3:253\"><b>P&amp;R Neum\u00e1tica <\/b>es una empresa especializada en el mantenimiento de sistemas neum\u00e1ticos industriales. Contamos con una amplia experiencia y un equipo de t\u00e9cnicos cualificados que le ayudar\u00e1n a mantener sus sistemas en perfecto funcionamiento.<\/p>\n<p data-sourcepos=\"5:1-5:32\"><strong>Nuestros servicios incluyen:<\/strong><\/p>\n<ul data-sourcepos=\"7:1-11:0\">\n<li data-sourcepos=\"7:1-7:127\"><strong>Inspecci\u00f3n y diagn\u00f3stico:<\/strong><span>\u00a0<\/span>Realizamos una inspecci\u00f3n completa de su sistema para identificar cualquier problema potencial.<\/li>\n<li data-sourcepos=\"8:1-8:106\"><strong>Reparaci\u00f3n y sustituci\u00f3n:<\/strong><span>\u00a0<\/span>Reparamos o sustituimos cualquier componente que est\u00e9 da\u00f1ado o desgastado.<\/li>\n<li data-sourcepos=\"9:1-9:139\"><strong>Limpieza y lubricaci\u00f3n:<\/strong><span>\u00a0<\/span>Llevamos a cabo un programa de limpieza y lubricaci\u00f3n regular para prolongar la vida \u00fatil de sus componentes.<\/li>\n<li data-sourcepos=\"10:1-11:0\"><strong>Optimizaci\u00f3n del rendimiento:<\/strong><span>\u00a0<\/span>Realizamos ajustes y modificaciones para mejorar el rendimiento de su sistema.<\/li>\n<\/ul>\n<p data-sourcepos=\"12:1-12:72\"><strong>Los beneficios de contratar nuestros servicios de mantenimiento son:<\/strong><\/p>\n<ul data-sourcepos=\"14:1-17:0\">\n<li data-sourcepos=\"14:1-14:149\"><strong>Aumento de la fiabilidad:<\/strong><span>\u00a0<\/span>Nuestros servicios de mantenimiento ayudan a prevenir fallos y aver\u00edas, lo que aumenta la fiabilidad de sus sistemas.<\/li>\n<li data-sourcepos=\"15:1-15:186\"><strong>Mejora del rendimiento:<\/strong><span>\u00a0<\/span>Nuestros servicios de mantenimiento ayudan a mejorar el rendimiento de sus sistemas, lo que puede conducir a un aumento de la productividad y la eficiencia.<\/li>\n<li data-sourcepos=\"16:1-17:0\"><strong>Reducci\u00f3n de los costes:<\/strong><span>\u00a0<\/span>Nuestros servicios de mantenimiento pueden ayudar a reducir los costes de operaci\u00f3n y mantenimiento de sus sistemas.<\/li>\n<\/ul>\n<p>[\/et_pb_text][\/et_pb_column][\/et_pb_row][et_pb_row column_structure=&#8221;1_2,1_2&#8243; _builder_version=&#8221;4.23&#8243; _module_preset=&#8221;default&#8221; global_colors_info=&#8221;{}&#8221;][et_pb_column type=&#8221;1_2&#8243; _builder_version=&#8221;4.23&#8243; _module_preset=&#8221;default&#8221; global_colors_info=&#8221;{}&#8221;][et_pb_image src=&#8221;https:\/\/pyrneumatica.com\/p\/wp-content\/uploads\/Programas-de-mantenimiento-a-sistema-neumaticos-o-industriales-3.webp&#8221; title_text=&#8221;Programas de mantenimiento a sistema neum\u00e1ticos o industriales (3)&#8221; _builder_version=&#8221;4.23&#8243; _module_preset=&#8221;default&#8221; global_colors_info=&#8221;{}&#8221;][\/et_pb_image][\/et_pb_column][et_pb_column type=&#8221;1_2&#8243; _builder_version=&#8221;4.23&#8243; _module_preset=&#8221;default&#8221; global_colors_info=&#8221;{}&#8221;][et_pb_image src=&#8221;https:\/\/pyrneumatica.com\/p\/wp-content\/uploads\/Programas-de-mantenimiento-a-sistema-neumaticos-o-industriales-5.webp&#8221; title_text=&#8221;Programas de mantenimiento a sistema neum\u00e1ticos o industriales (5)&#8221; _builder_version=&#8221;4.23&#8243; _module_preset=&#8221;default&#8221; global_colors_info=&#8221;{}&#8221;][\/et_pb_image][\/et_pb_column][\/et_pb_row][et_pb_row column_structure=&#8221;1_2,1_2&#8243; _builder_version=&#8221;4.23&#8243; _module_preset=&#8221;default&#8221; global_colors_info=&#8221;{}&#8221;][et_pb_column type=&#8221;1_2&#8243; _builder_version=&#8221;4.23&#8243; _module_preset=&#8221;default&#8221; global_colors_info=&#8221;{}&#8221;][et_pb_image src=&#8221;https:\/\/pyrneumatica.com\/p\/wp-content\/uploads\/2022\/12\/mtto-6.webp&#8221; title_text=&#8221;mtto-6&#8243; _builder_version=&#8221;4.23&#8243; _module_preset=&#8221;default&#8221; hover_enabled=&#8221;0&#8243; global_colors_info=&#8221;{}&#8221; sticky_enabled=&#8221;0&#8243;][\/et_pb_image][\/et_pb_column][et_pb_column type=&#8221;1_2&#8243; _builder_version=&#8221;4.23&#8243; _module_preset=&#8221;default&#8221; global_colors_info=&#8221;{}&#8221;][et_pb_image src=&#8221;https:\/\/pyrneumatica.com\/p\/wp-content\/uploads\/2022\/12\/mtto-5.webp&#8221; title_text=&#8221;mtto-5&#8243; _builder_version=&#8221;4.23&#8243; _module_preset=&#8221;default&#8221; hover_enabled=&#8221;0&#8243; global_colors_info=&#8221;{}&#8221; sticky_enabled=&#8221;0&#8243;][\/et_pb_image][\/et_pb_column][\/et_pb_row][et_pb_row _builder_version=&#8221;4.23&#8243; _module_preset=&#8221;default&#8221; global_colors_info=&#8221;{}&#8221;][et_pb_column type=&#8221;4_4&#8243; _builder_version=&#8221;4.23&#8243; _module_preset=&#8221;default&#8221; global_colors_info=&#8221;{}&#8221;][et_pb_text _builder_version=&#8221;4.23&#8243; _module_preset=&#8221;default&#8221; text_font=&#8221;|600|||||||&#8221; text_text_color=&#8221;#000000&#8243; text_font_size=&#8221;22px&#8221; text_orientation=&#8221;center&#8221; global_colors_info=&#8221;{}&#8221;]<\/p>\n<p>Proyectos ergon\u00f3micos<\/p>\n<p>[\/et_pb_text][et_pb_text _builder_version=&#8221;4.23&#8243; _module_preset=&#8221;default&#8221; global_colors_info=&#8221;{}&#8221;]<\/p>\n<p data-sourcepos=\"3:1-3:288\"><strong>P&amp;R Neum\u00e1tica<\/strong>\u00a0es una empresa especializada en la realizaci\u00f3n de proyectos ergon\u00f3micos de sistemas neum\u00e1ticos industriales. Contamos con una amplia experiencia y un equipo de profesionales cualificados que le ayudar\u00e1n a mejorar la seguridad y la comodidad de sus trabajadores.<\/p>\n<p data-sourcepos=\"5:1-5:32\"><strong>Nuestros servicios incluyen:<\/strong><\/p>\n<ul data-sourcepos=\"7:1-10:0\">\n<li data-sourcepos=\"7:1-7:125\"><strong>Evaluaci\u00f3n ergon\u00f3mica:<\/strong><span>\u00a0<\/span>Realizamos una evaluaci\u00f3n completa de su sistema para identificar cualquier problema ergon\u00f3mico.<\/li>\n<li data-sourcepos=\"8:1-8:89\"><strong>Recomendaciones:<\/strong><span>\u00a0<\/span>Ofrecemos recomendaciones para mejorar la ergonom\u00eda de su sistema.<\/li>\n<li data-sourcepos=\"9:1-10:0\"><strong>Implementaci\u00f3n:<\/strong><span>\u00a0<\/span>Implementamos las recomendaciones de forma segura y eficiente.<\/li>\n<\/ul>\n<p data-sourcepos=\"11:1-11:80\"><strong>Los beneficios de contratar nuestros servicios de proyectos ergon\u00f3micos son:<\/strong><\/p>\n<ul data-sourcepos=\"13:1-16:0\">\n<li data-sourcepos=\"13:1-13:98\"><strong>Mejora de la seguridad:<\/strong><span>\u00a0<\/span>Los sistemas ergon\u00f3micos reducen el riesgo de lesiones y accidentes.<\/li>\n<li data-sourcepos=\"14:1-14:104\"><strong>Mejora de la comodidad:<\/strong><span>\u00a0<\/span>Los sistemas ergon\u00f3micos hacen que el trabajo sea m\u00e1s c\u00f3modo y productivo.<\/li>\n<li data-sourcepos=\"15:1-16:0\"><strong>Reducci\u00f3n de los costes:<\/strong><span>\u00a0<\/span>Los sistemas ergon\u00f3micos pueden ayudar a reducir los costes de salud y seguridad.<\/li>\n<\/ul>\n<p>[\/et_pb_text][\/et_pb_column][\/et_pb_row][et_pb_row _builder_version=&#8221;4.23&#8243; _module_preset=&#8221;default&#8221; global_colors_info=&#8221;{}&#8221;][et_pb_column type=&#8221;4_4&#8243; _builder_version=&#8221;4.23&#8243; _module_preset=&#8221;default&#8221; global_colors_info=&#8221;{}&#8221;][et_pb_gallery _builder_version=&#8221;4.23&#8243; _module_preset=&#8221;default&#8221; gallery_ids=&#8221;216,215,214,213,211,210,209,208&#8243; show_title_and_caption=&#8221;off&#8221; box_shadow_style_image=&#8221;preset2&#8243; hover_enabled=&#8221;0&#8243; sticky_enabled=&#8221;0&#8243; gallery_orderby=&#8221;rand&#8221;][\/et_pb_gallery][\/et_pb_column][\/et_pb_row][\/et_pb_section]<\/p>\n","protected":false},"excerpt":{"rendered":"<p>ServiciosEn\u00a0 P&amp;R Neum\u00e1tica, somos especialistas en la venta de productos de neum\u00e1tica industrial. Contamos con una amplia gama de productos de las mejores marcas del mercado, para satisfacer las necesidades de cualquier industria. Nuestros productos incluyen: Cilindros neum\u00e1ticos:\u00a0Cilindros lineales, rotativos, de simple y doble efecto, etc. V\u00e1lvulas neum\u00e1ticas:\u00a0V\u00e1lvulas de control, v\u00e1lvulas de seguridad, v\u00e1lvulas de [&hellip;]<\/p>\n","protected":false},"author":1,"featured_media":0,"parent":0,"menu_order":0,"comment_status":"closed","ping_status":"open","template":"","meta":{"_et_pb_use_builder":"on","_et_pb_old_content":"","_et_gb_content_width":"","_joinchat":[],"footnotes":""},"class_list":["post-48","page","type-page","status-publish","hentry"],"yoast_head":"<!-- This site is optimized with the Yoast SEO plugin v25.4 - https:\/\/yoast.com\/wordpress\/plugins\/seo\/ -->\n<title>Servicios - PyR Neum\u00e1tica Fluidos y Controles<\/title>\n<meta name=\"robots\" content=\"index, follow, max-snippet:-1, max-image-preview:large, max-video-preview:-1\" \/>\n<link rel=\"canonical\" href=\"https:\/\/pyrneumatica.com\/p\/servicios\/\" \/>\n<meta property=\"og:locale\" content=\"es_ES\" \/>\n<meta property=\"og:type\" content=\"article\" \/>\n<meta property=\"og:title\" content=\"Servicios - PyR Neum\u00e1tica Fluidos y Controles\" \/>\n<meta property=\"og:description\" content=\"ServiciosEn\u00a0 P&amp;R Neum\u00e1tica, somos especialistas en la venta de productos de neum\u00e1tica industrial. Contamos con una amplia gama de productos de las mejores marcas del mercado, para satisfacer las necesidades de cualquier industria. Nuestros productos incluyen: Cilindros neum\u00e1ticos:\u00a0Cilindros lineales, rotativos, de simple y doble efecto, etc. V\u00e1lvulas neum\u00e1ticas:\u00a0V\u00e1lvulas de control, v\u00e1lvulas de seguridad, v\u00e1lvulas de [&hellip;]\" \/>\n<meta property=\"og:url\" content=\"https:\/\/pyrneumatica.com\/p\/servicios\/\" \/>\n<meta property=\"og:site_name\" content=\"PyR Neum\u00e1tica Fluidos y Controles\" \/>\n<meta property=\"article:publisher\" content=\"https:\/\/www.facebook.com\/pyrneumatica\" \/>\n<meta property=\"article:modified_time\" content=\"2023-10-23T19:16:27+00:00\" \/>\n<meta name=\"twitter:card\" content=\"summary_large_image\" \/>\n<meta name=\"twitter:label1\" content=\"Tiempo de lectura\" \/>\n\t<meta name=\"twitter:data1\" content=\"5 minutos\" \/>\n<script type=\"application\/ld+json\" class=\"yoast-schema-graph\">{\"@context\":\"https:\/\/schema.org\",\"@graph\":[{\"@type\":\"WebPage\",\"@id\":\"https:\/\/pyrneumatica.com\/p\/servicios\/\",\"url\":\"https:\/\/pyrneumatica.com\/p\/servicios\/\",\"name\":\"Servicios - PyR Neum\u00e1tica Fluidos y Controles\",\"isPartOf\":{\"@id\":\"https:\/\/pyrneumatica.com\/p\/#website\"},\"datePublished\":\"2022-12-20T19:38:49+00:00\",\"dateModified\":\"2023-10-23T19:16:27+00:00\",\"breadcrumb\":{\"@id\":\"https:\/\/pyrneumatica.com\/p\/servicios\/#breadcrumb\"},\"inLanguage\":\"es-CO\",\"potentialAction\":[{\"@type\":\"ReadAction\",\"target\":[\"https:\/\/pyrneumatica.com\/p\/servicios\/\"]}]},{\"@type\":\"BreadcrumbList\",\"@id\":\"https:\/\/pyrneumatica.com\/p\/servicios\/#breadcrumb\",\"itemListElement\":[{\"@type\":\"ListItem\",\"position\":1,\"name\":\"Portada\",\"item\":\"https:\/\/pyrneumatica.com\/p\/\"},{\"@type\":\"ListItem\",\"position\":2,\"name\":\"Servicios\"}]},{\"@type\":\"WebSite\",\"@id\":\"https:\/\/pyrneumatica.com\/p\/#website\",\"url\":\"https:\/\/pyrneumatica.com\/p\/\",\"name\":\"PyR Neum\u00e1tica Fluidos y Controles\",\"description\":\"Fluidos y Controles\",\"publisher\":{\"@id\":\"https:\/\/pyrneumatica.com\/p\/#organization\"},\"potentialAction\":[{\"@type\":\"SearchAction\",\"target\":{\"@type\":\"EntryPoint\",\"urlTemplate\":\"https:\/\/pyrneumatica.com\/p\/?s={search_term_string}\"},\"query-input\":{\"@type\":\"PropertyValueSpecification\",\"valueRequired\":true,\"valueName\":\"search_term_string\"}}],\"inLanguage\":\"es-CO\"},{\"@type\":\"Organization\",\"@id\":\"https:\/\/pyrneumatica.com\/p\/#organization\",\"name\":\"PyR Neum\u00e1tica Fluidos y Controles\",\"url\":\"https:\/\/pyrneumatica.com\/p\/\",\"logo\":{\"@type\":\"ImageObject\",\"inLanguage\":\"es-CO\",\"@id\":\"https:\/\/pyrneumatica.com\/p\/#\/schema\/logo\/image\/\",\"url\":\"https:\/\/pyrneumatica.com\/p\/wp-content\/uploads\/2022\/12\/Logo-PyR-Neumatica.webp\",\"contentUrl\":\"https:\/\/pyrneumatica.com\/p\/wp-content\/uploads\/2022\/12\/Logo-PyR-Neumatica.webp\",\"width\":768,\"height\":115,\"caption\":\"PyR Neum\u00e1tica Fluidos y Controles\"},\"image\":{\"@id\":\"https:\/\/pyrneumatica.com\/p\/#\/schema\/logo\/image\/\"},\"sameAs\":[\"https:\/\/www.facebook.com\/pyrneumatica\",\"https:\/\/www.instagram.com\/pyrneumaticasas\/\"]}]}<\/script>\n<!-- \/ Yoast SEO plugin. -->","yoast_head_json":{"title":"Servicios - PyR Neum\u00e1tica Fluidos y Controles","robots":{"index":"index","follow":"follow","max-snippet":"max-snippet:-1","max-image-preview":"max-image-preview:large","max-video-preview":"max-video-preview:-1"},"canonical":"https:\/\/pyrneumatica.com\/p\/servicios\/","og_locale":"es_ES","og_type":"article","og_title":"Servicios - PyR Neum\u00e1tica Fluidos y Controles","og_description":"ServiciosEn\u00a0 P&amp;R Neum\u00e1tica, somos especialistas en la venta de productos de neum\u00e1tica industrial. Contamos con una amplia gama de productos de las mejores marcas del mercado, para satisfacer las necesidades de cualquier industria. Nuestros productos incluyen: Cilindros neum\u00e1ticos:\u00a0Cilindros lineales, rotativos, de simple y doble efecto, etc. V\u00e1lvulas neum\u00e1ticas:\u00a0V\u00e1lvulas de control, v\u00e1lvulas de seguridad, v\u00e1lvulas de [&hellip;]","og_url":"https:\/\/pyrneumatica.com\/p\/servicios\/","og_site_name":"PyR Neum\u00e1tica Fluidos y Controles","article_publisher":"https:\/\/www.facebook.com\/pyrneumatica","article_modified_time":"2023-10-23T19:16:27+00:00","twitter_card":"summary_large_image","twitter_misc":{"Tiempo de lectura":"5 minutos"},"schema":{"@context":"https:\/\/schema.org","@graph":[{"@type":"WebPage","@id":"https:\/\/pyrneumatica.com\/p\/servicios\/","url":"https:\/\/pyrneumatica.com\/p\/servicios\/","name":"Servicios - PyR Neum\u00e1tica Fluidos y Controles","isPartOf":{"@id":"https:\/\/pyrneumatica.com\/p\/#website"},"datePublished":"2022-12-20T19:38:49+00:00","dateModified":"2023-10-23T19:16:27+00:00","breadcrumb":{"@id":"https:\/\/pyrneumatica.com\/p\/servicios\/#breadcrumb"},"inLanguage":"es-CO","potentialAction":[{"@type":"ReadAction","target":["https:\/\/pyrneumatica.com\/p\/servicios\/"]}]},{"@type":"BreadcrumbList","@id":"https:\/\/pyrneumatica.com\/p\/servicios\/#breadcrumb","itemListElement":[{"@type":"ListItem","position":1,"name":"Portada","item":"https:\/\/pyrneumatica.com\/p\/"},{"@type":"ListItem","position":2,"name":"Servicios"}]},{"@type":"WebSite","@id":"https:\/\/pyrneumatica.com\/p\/#website","url":"https:\/\/pyrneumatica.com\/p\/","name":"PyR Neum\u00e1tica Fluidos y Controles","description":"Fluidos y Controles","publisher":{"@id":"https:\/\/pyrneumatica.com\/p\/#organization"},"potentialAction":[{"@type":"SearchAction","target":{"@type":"EntryPoint","urlTemplate":"https:\/\/pyrneumatica.com\/p\/?s={search_term_string}"},"query-input":{"@type":"PropertyValueSpecification","valueRequired":true,"valueName":"search_term_string"}}],"inLanguage":"es-CO"},{"@type":"Organization","@id":"https:\/\/pyrneumatica.com\/p\/#organization","name":"PyR Neum\u00e1tica Fluidos y Controles","url":"https:\/\/pyrneumatica.com\/p\/","logo":{"@type":"ImageObject","inLanguage":"es-CO","@id":"https:\/\/pyrneumatica.com\/p\/#\/schema\/logo\/image\/","url":"https:\/\/pyrneumatica.com\/p\/wp-content\/uploads\/2022\/12\/Logo-PyR-Neumatica.webp","contentUrl":"https:\/\/pyrneumatica.com\/p\/wp-content\/uploads\/2022\/12\/Logo-PyR-Neumatica.webp","width":768,"height":115,"caption":"PyR Neum\u00e1tica Fluidos y Controles"},"image":{"@id":"https:\/\/pyrneumatica.com\/p\/#\/schema\/logo\/image\/"},"sameAs":["https:\/\/www.facebook.com\/pyrneumatica","https:\/\/www.instagram.com\/pyrneumaticasas\/"]}]}},"jetpack_sharing_enabled":true,"_links":{"self":[{"href":"https:\/\/pyrneumatica.com\/p\/wp-json\/wp\/v2\/pages\/48","targetHints":{"allow":["GET"]}}],"collection":[{"href":"https:\/\/pyrneumatica.com\/p\/wp-json\/wp\/v2\/pages"}],"about":[{"href":"https:\/\/pyrneumatica.com\/p\/wp-json\/wp\/v2\/types\/page"}],"author":[{"embeddable":true,"href":"https:\/\/pyrneumatica.com\/p\/wp-json\/wp\/v2\/users\/1"}],"replies":[{"embeddable":true,"href":"https:\/\/pyrneumatica.com\/p\/wp-json\/wp\/v2\/comments?post=48"}],"version-history":[{"count":38,"href":"https:\/\/pyrneumatica.com\/p\/wp-json\/wp\/v2\/pages\/48\/revisions"}],"predecessor-version":[{"id":1888,"href":"https:\/\/pyrneumatica.com\/p\/wp-json\/wp\/v2\/pages\/48\/revisions\/1888"}],"wp:attachment":[{"href":"https:\/\/pyrneumatica.com\/p\/wp-json\/wp\/v2\/media?parent=48"}],"curies":[{"name":"wp","href":"https:\/\/api.w.org\/{rel}","templated":true}]}}